{"id":813,"date":"2025-08-17T11:49:59","date_gmt":"2025-08-17T16:49:59","guid":{"rendered":"https:\/\/ymdocservices.com\/servidores-de-procesos-de-florida\/"},"modified":"2025-08-17T11:49:59","modified_gmt":"2025-08-17T16:49:59","slug":"servidores-de-procesos-de-florida","status":"publish","type":"page","link":"https:\/\/ymdocservices.com\/es\/servidores-de-procesos-de-florida\/","title":{"rendered":"Servidores de procesos de Florida"},"content":{"rendered":"<h1><span class=\"selected\">Tus Agentes Judiciales de Florida &#8211; Excelencia en todo momento  <\/span><\/h1>\n<h3><span class=\"selected\">Notificaciones judiciales puntuales, fiables y conformes con la legislaci\u00f3n de Florida<\/span><\/h3>\n<p><span class=\"selected\">En YM Doc Services, entendemos que el \u00e9xito de una acci\u00f3n legal comienza con una notificaci\u00f3n procesal meticulosa y legal. Como tramitadores certificados y experimentados de Florida, nos dedicamos a garantizar que tus documentos legales se entreguen con eficacia, discreci\u00f3n y en estricto cumplimiento de la ley. Nuestra amplia experiencia en    <\/span><a href=\"http:\/\/www.leg.state.fl.us\/statuTes\/index.cfm?App_mode=Display_Statute&amp;URL=0000-0099\/0048\/0048ContentsIndex.html&amp;StatuteYear=2024&amp;Title=%2D%3E2024%2D%3EChapter%2048\"><strong><span class=\"selected\">El Cap\u00edtulo 48 de los Estatutos de Florida<\/span><\/strong><\/a><span class=\"selected\"> es la base de nuestro trabajo, proporcion\u00e1ndote la tranquilidad de que tu caso proceder\u00e1 sin retrasos procesales.<\/span><\/p>\n<h3><strong><span class=\"selected\">Nuestra experiencia, tu ventaja: La diferencia de YM Doc Services<\/span><\/strong><\/h3>\n<p><strong><span class=\"selected\">Experiencia:<\/span><\/strong><span class=\"selected\">  Nuestro equipo posee un conocimiento incomparable de las complejas normas de procedimiento civil de Florida. No nos limitamos a entregar papeles; ejecutamos una funci\u00f3n legal cr\u00edtica. Nuestros tramitadores est\u00e1n certificados por los Tribunales de Circuito locales de Florida y reciben una formaci\u00f3n meticulosa sobre los \u00faltimos requisitos legales para evitar errores y retrasos costosos.  <\/span><\/p>\n<p><strong><span class=\"selected\">Autoridad:<\/span><\/strong><span class=\"selected\"> Estamos orgullosos de ser miembros activos de organizaciones l\u00edderes del sector, como la <\/span><a title=\"null\" href=\"https:\/\/www.google.com\/search?q=https:\/\/www.fapps.com\/\"><span class=\"selected\">Asociaci\u00f3n de Tramitadores Profesionales de Florida (FAPPS)<\/span><\/a><span class=\"selected\">. Nuestra red profesional y nuestra formaci\u00f3n continua garantizan que nos mantengamos a la vanguardia de la profesi\u00f3n.<\/span><\/p>\n<p><strong><span class=\"selected\">Fiabilidad:<\/span><\/strong><span class=\"selected\">  Tus asuntos jur\u00eddicos requieren discreci\u00f3n e integridad. Mantenemos unos precios transparentes, sin honorarios ocultos, proporcionamos una comunicaci\u00f3n clara en cada fase y defendemos las normas \u00e9ticas m\u00e1s estrictas. Nuestro compromiso con la excelencia se refleja en los comentarios positivos de nuestros valiosos clientes.  <\/span><\/p>\n<h3><strong><span class=\"selected\">Servicios b\u00e1sicos<\/span><\/strong><\/h3>\n<p><span class=\"selected\">Nuestros servicios integrales est\u00e1n dise\u00f1ados para satisfacer todas tus necesidades de notificaci\u00f3n de documentos legales, desde el contacto inicial hasta la notificaci\u00f3n satisfactoria y la preparaci\u00f3n de la prueba de notificaci\u00f3n.<\/span><\/p>\n<ul>\n<li><strong><span class=\"selected\">Servicio de proceso est\u00e1ndar:<\/span><\/strong><span class=\"selected\">  Servicio fiable para citaciones y denuncias, emplazamientos, autos judiciales y m\u00e1s. Realizamos varios intentos a distintas horas del d\u00eda para garantizar el \u00e9xito de la entrega. <\/span><\/li>\n<li><strong><span class=\"selected\">Servicio acelerado:<\/span><\/strong><span class=\"selected\"> Para los asuntos urgentes, ofrecemos un servicio acelerado para cumplir los plazos urgentes.<\/span><\/li>\n<li><strong><span class=\"selected\">Apoyo legal adicional:<\/span><\/strong><span class=\"selected\"> Tambi\u00e9n proporcionamos <a href=\"https:\/\/ymdocservices.com\/skip-tracing\/\">Skip Tracing<\/a> para localizar a personas dif\u00edciles de encontrar y <a href=\"https:\/\/ymdocservices.com\/document-retrieval-court-filings\/\">Recuperaci\u00f3n de Documentos<\/a> de cualquier tribunal o agencia gubernamental de Florida.<\/span><\/li>\n<\/ul>\n<h3><strong><span class=\"selected\">Lo que dicen nuestros clientes<\/span><\/strong><\/h3>\n<p><span class=\"selected\">\u00abYM Doc Services fue un salvavidas. Entregaron una citaci\u00f3n complicada en menos de 24 horas, y su comunicaci\u00f3n fue excelente durante todo el proceso.\u00bb &#8211; <\/span><em><span class=\"selected\">Jaine Hoffner, abogada, bufete de abogados de Florida<\/span><\/em><\/p>\n<p><span class=\"selected\">\u00abProfesionales, r\u00e1pidos y de total confianza. Llevaron nuestro caso con el m\u00e1ximo cuidado\u00bb. &#8211; <\/span><em><span class=\"selected\">Jodiah Silverman, Cliente privado<\/span><\/em><\/p>\n<h3><strong><span class=\"selected\">Preguntas m\u00e1s frecuentes (FAQ)<\/span><\/strong><\/h3>\n<h4><strong><span class=\"selected\">\u00bfQu\u00e9 es la notificaci\u00f3n judicial?<\/span><\/strong><\/h4>\n<p><span class=\"selected\">La notificaci\u00f3n judicial es la entrega formal de documentos legales a un demandado o parte en un pleito. Es un requisito fundamental del debido proceso que garantiza que todas las partes sean notificadas legalmente de la acci\u00f3n legal contra ellas, d\u00e1ndoles la oportunidad de responder ante el tribunal. <\/span><\/p>\n<h4><strong><span class=\"selected\">\u00bfPor qu\u00e9 es necesario recurrir a un tramitador profesional?<\/span><\/strong><\/h4>\n<p><span class=\"selected\">En Florida, la notificaci\u00f3n civil debe realizarla una persona designada por el tribunal o autorizada por la ley. Aunque una oficina del sheriff puede entregar documentos, los tramitadores profesionales suelen proporcionar un servicio m\u00e1s r\u00e1pido, fiable y discreto. Somos expertos en sortear situaciones dif\u00edciles y documentar cada paso para elaborar una Declaraci\u00f3n Jurada de Notificaci\u00f3n legalmente v\u00e1lida.  <\/span><\/p>\n<h4><strong><span class=\"selected\">\u00bfCu\u00e1nto tarda la notificaci\u00f3n de una demanda?<\/span><\/strong><\/h4>\n<p><span class=\"selected\">El plazo depende del nivel de servicio elegido (est\u00e1ndar o acelerado) y de la ubicaci\u00f3n y disponibilidad del demandado. Proporcionamos actualizaciones en tiempo real a trav\u00e9s de nuestro portal seguro y completamos el servicio lo antes posible, cumpliendo todos los requisitos legales. <\/span><\/p>\n<h4><strong><span class=\"selected\">\u00bfC\u00f3mo empiezo?<\/span><\/strong><\/h4>\n<p><span class=\"selected\">Es muy f\u00e1cil. S\u00f3lo tienes que facilitarnos los documentos necesarios y la informaci\u00f3n del destinatario. Revisaremos los detalles, te proporcionaremos un presupuesto transparente y comenzaremos el proceso. Puedes solicitar un presupuesto aqu\u00ed: <a href=\"https:\/\/ymdocservices.com\/contact-us\/\">Obtener un presupuesto gratuito<\/a>   <\/span><\/p>\n<h3><strong><span class=\"selected\">Tu tranquilidad es nuestra prioridad<\/span><\/strong><\/h3>\n<p><span class=\"selected\">En YM Doc Services, nos comprometemos a ofrecer una experiencia fiable, asequible y sin estr\u00e9s. Nuestro enfoque centrado en el cliente y nuestro profundo conocimiento de la legislaci\u00f3n de Florida nos distinguen. <\/span><\/p>\n<ul>\n<li><a href=\"https:\/\/ymdocservices.com\/contact-us\/\"><strong><span class=\"selected\">Obt\u00e9n un presupuesto gratuito<\/span><\/strong><\/a><\/li>\n<li><a title=\"null\" href=\"https:\/\/www.google.com\/search?q=tel:5551234567\"><strong><span class=\"selected\">Ll\u00e1manos hoy: (407) 228-2656<\/span><\/strong><\/a><\/li>\n<\/ul>\n<p><strong><span class=\"selected\">Recursos adicionales:<\/span><\/strong><\/p>\n<ul>\n<li><a title=\"null\" href=\"https:\/\/dos.myflorida.com\/\"><span class=\"selected\">Departamento de Estado de Florida<\/span><\/a><\/li>\n<li><a title=\"null\" href=\"https:\/\/www.flclerks.com\/\"><span class=\"selected\">Secretarios Judiciales y Contralores de Florida<\/span><\/a><\/li>\n<\/ul>\n<p><strong><span class=\"selected\">Enlaces internos:<\/span><\/strong><\/p>\n<ul>\n<li><a href=\"https:\/\/ymdocservices.com\/\"><span class=\"selected\">Inicio<\/span><\/a><\/li>\n<li><a href=\"https:\/\/ymdocservices.com\/about-us\/\"><span class=\"selected\">Qui\u00e9nes somos<\/span><\/a><\/li>\n<li><a href=\"https:\/\/ymdocservices.com\/contact-us\/\"><span class=\"selected\">Contacta con nosotros<\/span><\/a><\/li>\n<\/ul>\n","protected":false},"excerpt":{"rendered":"<p>Tus Agentes Judiciales de Florida &#8211; Excelencia en todo momento Notificaciones judiciales puntuales, fiables y conformes con la legislaci\u00f3n de Florida En YM Doc Services, entendemos que el \u00e9xito de una acci\u00f3n legal comienza con una notificaci\u00f3n procesal meticulosa y legal. Como tramitadores certificados y experimentados de Florida, nos dedicamos a garantizar que tus documentos [&hellip;]<\/p>\n","protected":false},"author":3,"featured_media":0,"parent":0,"menu_order":0,"comment_status":"closed","ping_status":"closed","template":"template-parts\/realestate.php","meta":{"_acf_changed":false,"_coblocks_attr":"","_coblocks_dimensions":"","_coblocks_responsive_height":"","_coblocks_accordion_ie_support":"","om_disable_all_campaigns":false,"_monsterinsights_skip_tracking":false,"_monsterinsights_sitenote_active":false,"_monsterinsights_sitenote_note":"","_monsterinsights_sitenote_category":0,"footnotes":""},"class_list":["post-813","page","type-page","status-publish","hentry"],"acf":[],"aioseo_notices":[],"_links":{"self":[{"href":"https:\/\/ymdocservices.com\/es\/wp-json\/wp\/v2\/pages\/813","targetHints":{"allow":["GET"]}}],"collection":[{"href":"https:\/\/ymdocservices.com\/es\/wp-json\/wp\/v2\/pages"}],"about":[{"href":"https:\/\/ymdocservices.com\/es\/wp-json\/wp\/v2\/types\/page"}],"author":[{"embeddable":true,"href":"https:\/\/ymdocservices.com\/es\/wp-json\/wp\/v2\/users\/3"}],"replies":[{"embeddable":true,"href":"https:\/\/ymdocservices.com\/es\/wp-json\/wp\/v2\/comments?post=813"}],"version-history":[{"count":0,"href":"https:\/\/ymdocservices.com\/es\/wp-json\/wp\/v2\/pages\/813\/revisions"}],"wp:attachment":[{"href":"https:\/\/ymdocservices.com\/es\/wp-json\/wp\/v2\/media?parent=813"}],"curies":[{"name":"wp","href":"https:\/\/api.w.org\/{rel}","templated":true}]}}