{"id":804,"date":"2025-08-17T11:12:46","date_gmt":"2025-08-17T16:12:46","guid":{"rendered":"https:\/\/ymdocservices.com\/?page_id=804"},"modified":"2025-08-17T11:12:46","modified_gmt":"2025-08-17T16:12:46","slug":"process-server-florida","status":"publish","type":"page","link":"https:\/\/ymdocservices.com\/es\/process-server-florida\/","title":{"rendered":"Process Server Florida"},"content":{"rendered":"<h2 style=\"text-align: left;\"><span class=\"selected\">El servidor de procesos de confianza en la Florida<\/span><\/h2>\n<p><span class=\"selected\">Servicio procesal experimentado, fiable y conforme a las normas en todo Florida. Nos aseguramos de que tus documentos se entreguen correctamente y a tiempo, siempre. <\/span><\/p>\n<h3><span class=\"selected\">Nuestros puntos fuertes<\/span><\/h3>\n<ul>\n<li><strong><span class=\"selected\">Cumplimiento legal:<\/span><\/strong><span class=\"selected\"> Cumplimiento de los Estatutos de Florida, Cap\u00edtulo 48.<\/span><\/li>\n<li><strong><span class=\"selected\">Rapidez y eficacia:<\/span><\/strong><span class=\"selected\"> Servicio r\u00e1pido y actualizaciones puntuales en cada caso.<\/span><\/li>\n<li><strong><span class=\"selected\">Afiliaciones profesionales:<\/span><\/strong><span class=\"selected\"> Miembros de la FAPPS por experiencia certificada.<\/span><\/li>\n<li><strong><span class=\"selected\">Precios transparentes:<\/span><\/strong><span class=\"selected\"> Tarifas claras y competitivas, sin cargos ocultos.<\/span><\/li>\n<\/ul>\n<h3><span class=\"selected\">\u00bfPor qu\u00e9 elegir YM Doc Services?<\/span><\/h3>\n<p><span class=\"selected\">Como tramitadores certificados y experimentados de Florida, nos dedicamos a prestar el m\u00e1s alto nivel de servicio profesional y fiable. Nuestro profundo conocimiento de la legislaci\u00f3n de Florida garantiza que tus documentos se traten con precisi\u00f3n y cuidado. <\/span><\/p>\n<h4><span class=\"selected\">Experiencia y cumplimiento legal inigualables<\/span><\/h4>\n<p><span class=\"selected\">La notificaci\u00f3n de documentos legales en Florida no es s\u00f3lo un trabajo, es una obligaci\u00f3n legal regulada por <\/span><a title=\"null\" href=\"https:\/\/www.flsenate.gov\/Laws\/Statutes\/2023\/Chapter48\"><span class=\"selected\">Estatutos de Florida, Cap\u00edtulo 48<\/span><\/a><span class=\"selected\">. Nuestro equipo no s\u00f3lo conoce bien estas leyes, sino que act\u00faa con un compromiso inquebrantable con ellas. Nos ocupamos de: <\/span><\/p>\n<p>&nbsp;<\/p>\n<ul>\n<li><span class=\"selected\">Citaciones y denuncias<\/span><\/li>\n<li><span class=\"selected\">Citaciones<\/span><\/li>\n<li><span class=\"selected\">Embargos preventivos<\/span><\/li>\n<li><span class=\"selected\">Notificaciones de desahucio<\/span><\/li>\n<li><span class=\"selected\">Documentos de ejecuci\u00f3n hipotecaria y Derecho de familia<\/span><\/li>\n<\/ul>\n<p><span class=\"selected\">Este enfoque meticuloso garantiza que cada servicio sea v\u00e1lido y admisible ante un tribunal, evit\u00e1ndote posibles retrasos o impugnaciones legales.<\/span><\/p>\n<h4><span class=\"selected\">Un enfoque centrado en el cliente<\/span><\/h4>\n<p><span class=\"selected\">Tu tranquilidad es nuestra prioridad. Ofrecemos un proceso transparente y \u00e1gil de principio a fin. Nuestro compromiso contigo incluye:  <\/span><\/p>\n<ul>\n<li><span class=\"selected\">Opciones de servicio el mismo d\u00eda o urgente.<\/span><\/li>\n<li><span class=\"selected\">Actualizaciones de estado en tiempo real por correo electr\u00f3nico y un portal para clientes.<\/span><\/li>\n<li><span class=\"selected\">Declaraciones Juradas de Notificaci\u00f3n detalladas preparadas ante notario.<\/span><\/li>\n<li><span class=\"selected\">Asistencia receptiva y amable para todas tus consultas.<\/span><\/li>\n<\/ul>\n<p><span class=\"selected\">No s\u00f3lo entregamos documentos; entregamos confianza. Tambi\u00e9n somos miembros orgullosos de   <\/span><a title=\"null\" href=\"https:\/\/www.fapps.org\/\"><span class=\"selected\">FAPPS<\/span><\/a><span class=\"selected\">demostrando nuestro prestigio profesional y nuestro compromiso con las mejores pr\u00e1cticas del sector.<\/span><\/p>\n<h3><span class=\"selected\">Preguntas frecuentes<\/span><\/h3>\n<p><strong><span class=\"selected\">\u00bfQu\u00e9 es un Process Server?<\/span><\/strong><span class=\"selected\">  Un tramitador es un tercero neutral que entrega documentos legales a un acusado o a una persona implicada en un proceso judicial. El tramitador debe estar legalmente autorizado para ello. En Florida, los tramitadores son designados por el tribunal o autorizados por el Departamento de Estado de Florida.  <\/span><\/p>\n<p><strong><span class=\"selected\">\u00bfPor qu\u00e9 es necesario un Process Server?<\/span><\/strong><span class=\"selected\">  La notificaci\u00f3n del proceso es un derecho constitucional al debido proceso, que garantiza que todas las partes de un pleito sean notificadas de la acci\u00f3n legal contra ellas. Una notificaci\u00f3n incorrecta puede dar lugar a la desestimaci\u00f3n del caso. Un tramitador profesional garantiza una notificaci\u00f3n correcta, proporcionando una copia oficial de la demanda.    <\/span><a title=\"null\" href=\"https:\/\/www.flclerks.com\/\"><span class=\"selected\">Prueba de notificaci\u00f3n o traslado<\/span><\/a><span class=\"selected\"> documento para el tribunal.<\/span><\/p>\n<p><strong><span class=\"selected\">\u00bfCu\u00e1nto cuesta una notificaci\u00f3n judicial en Florida?<\/span><\/strong><span class=\"selected\">  Nuestros precios son competitivos y transparentes. El servicio est\u00e1ndar suele costar a partir de 80 $, con servicio urgente disponible por un cargo adicional. El coste final depende del lugar y de las necesidades espec\u00edficas del servicio. Para obtener un presupuesto preciso, <a href=\"https:\/\/ymdocservices.com\/contact-us\/\">ponte en contacto con nosotros<\/a> directamente.   <\/span><\/p>\n<p><strong><span class=\"selected\">\u00bfCu\u00e1l es el proceso despu\u00e9s de enviar una solicitud?<\/span><\/strong><span class=\"selected\">  Una vez que recibimos tus documentos y el pago, asignamos un tramitador. Intentar\u00e1 entregar los documentos sin demora y te informar\u00e1 en tiempo real. Una vez realizada la entrega con \u00e9xito, presentaremos la prueba de entrega oficial ante el tribunal de Florida correspondiente.  <\/span><\/p>\n<h3><span class=\"selected\">Lo que dicen nuestros clientes<\/span><\/h3>\n<ul>\n<li><em><span class=\"selected\">\u00abYM Doc Services fue incre\u00edblemente r\u00e1pido y profesional. Me mantuvieron informado durante todo el proceso. Los recomiendo encarecidamente a cualquiera que necesite un tramitador en Florida\u00bb.<\/span><\/em><span class=\"selected\"> &#8211; Jane D., Abogada<\/span><\/li>\n<li><em><span class=\"selected\">\u00abEl equipo de YM Doc Services hizo todo lo posible para notificar mis documentos urgentes. Su comunicaci\u00f3n fue excelente y sus precios muy justos. Un verdadero salvavidas\u00bb.<\/span><\/em><span class=\"selected\"> &#8211; Mark S., Propietario de una peque\u00f1a empresa<\/span><\/li>\n<li><em><span class=\"selected\">\u00abHe trabajado con muchos tramitadores a lo largo de los a\u00f1os, y YM Doc Services destaca. Su conocimiento de la ley de Florida es impresionante, y su servicio es impecable.\u00bb<\/span><\/em><span class=\"selected\"> &#8211; Sarah L., Paralegal<\/span><\/li>\n<\/ul>\n<h3><span class=\"selected\">\u00bfPreparado para un servicio r\u00e1pido y fiable?<\/span><\/h3>\n<p><span class=\"selected\">No te arriesgues a retrasos o complicaciones legales. Conf\u00eda en los profesionales certificados y experimentados de <a href=\"https:\/\/ymdocservices.com\/\">YM Doc Services<\/a> para que se ocupen de tus necesidades de notificaci\u00f3n. <\/span><\/p>\n","protected":false},"excerpt":{"rendered":"<p>El servidor de procesos de confianza en la Florida Servicio procesal experimentado, fiable y conforme a las normas en todo Florida. Nos aseguramos de que tus documentos se entreguen correctamente y a tiempo, siempre. Nuestros puntos fuertes Cumplimiento legal: Cumplimiento de los Estatutos de Florida, Cap\u00edtulo 48. Rapidez y eficacia: Servicio r\u00e1pido y actualizaciones puntuales [&hellip;]<\/p>\n","protected":false},"author":3,"featured_media":0,"parent":0,"menu_order":0,"comment_status":"closed","ping_status":"closed","template":"template-parts\/realestate.php","meta":{"_acf_changed":false,"_coblocks_attr":"","_coblocks_dimensions":"","_coblocks_responsive_height":"","_coblocks_accordion_ie_support":"","om_disable_all_campaigns":false,"_monsterinsights_skip_tracking":false,"_monsterinsights_sitenote_active":false,"_monsterinsights_sitenote_note":"","_monsterinsights_sitenote_category":0,"footnotes":""},"class_list":["post-804","page","type-page","status-publish","hentry"],"acf":[],"aioseo_notices":[],"_links":{"self":[{"href":"https:\/\/ymdocservices.com\/es\/wp-json\/wp\/v2\/pages\/804","targetHints":{"allow":["GET"]}}],"collection":[{"href":"https:\/\/ymdocservices.com\/es\/wp-json\/wp\/v2\/pages"}],"about":[{"href":"https:\/\/ymdocservices.com\/es\/wp-json\/wp\/v2\/types\/page"}],"author":[{"embeddable":true,"href":"https:\/\/ymdocservices.com\/es\/wp-json\/wp\/v2\/users\/3"}],"replies":[{"embeddable":true,"href":"https:\/\/ymdocservices.com\/es\/wp-json\/wp\/v2\/comments?post=804"}],"version-history":[{"count":1,"href":"https:\/\/ymdocservices.com\/es\/wp-json\/wp\/v2\/pages\/804\/revisions"}],"predecessor-version":[{"id":805,"href":"https:\/\/ymdocservices.com\/es\/wp-json\/wp\/v2\/pages\/804\/revisions\/805"}],"wp:attachment":[{"href":"https:\/\/ymdocservices.com\/es\/wp-json\/wp\/v2\/media?parent=804"}],"curies":[{"name":"wp","href":"https:\/\/api.w.org\/{rel}","templated":true}]}}